{"id":208,"date":"2015-09-18T10:50:16","date_gmt":"2015-09-18T09:50:16","guid":{"rendered":"http:\/\/www.gisam.ch\/pukchee\/?page_id=208"},"modified":"2015-11-10T08:56:47","modified_gmt":"2015-11-10T07:56:47","slug":"rucksack","status":"publish","type":"page","link":"https:\/\/www.gisam.ch\/timonpumba\/?page_id=208","title":{"rendered":"Rucksack"},"content":{"rendered":"<p><span style=\"font-family: helvetica,arial,sans-serif;\">Avant le grand d\u00e9part, les grands pr\u00e9paratifs !<\/span><\/p>\n<p><span style=\"font-family: helvetica,arial,sans-serif;\"><img data-attachment-id=\"304\" data-permalink=\"https:\/\/www.gisam.ch\/timonpumba\/?attachment_id=304\" data-orig-file=\"https:\/\/www.gisam.ch\/timonpumba\/wp-content\/uploads\/2015\/09\/FullSizeRender.jpg\" data-orig-size=\"750,744\" data-comments-opened=\"1\" data-image-meta=\"{&quot;aperture&quot;:&quot;0&quot;,&quot;credit&quot;:&quot;&quot;,&quot;camera&quot;:&quot;&quot;,&quot;caption&quot;:&quot;&quot;,&quot;created_timestamp&quot;:&quot;0&quot;,&quot;copyright&quot;:&quot;&quot;,&quot;focal_length&quot;:&quot;0&quot;,&quot;iso&quot;:&quot;0&quot;,&quot;shutter_speed&quot;:&quot;0&quot;,&quot;title&quot;:&quot;&quot;,&quot;orientation&quot;:&quot;0&quot;}\" data-image-title=\"FullSizeRender\" data-image-description=\"\" data-image-caption=\"\" data-medium-file=\"https:\/\/www.gisam.ch\/timonpumba\/wp-content\/uploads\/2015\/09\/FullSizeRender-300x298.jpg\" data-large-file=\"https:\/\/www.gisam.ch\/timonpumba\/wp-content\/uploads\/2015\/09\/FullSizeRender.jpg\" loading=\"lazy\" class=\"border-image alignright wp-image-304 size-medium\" src=\"http:\/\/www.gisam.ch\/timonpumba\/wp-content\/uploads\/2015\/09\/FullSizeRender-300x298.jpg\" alt=\"FullSizeRender\" width=\"300\" height=\"298\" srcset=\"https:\/\/www.gisam.ch\/timonpumba\/wp-content\/uploads\/2015\/09\/FullSizeRender-300x298.jpg 300w, https:\/\/www.gisam.ch\/timonpumba\/wp-content\/uploads\/2015\/09\/FullSizeRender-150x150.jpg 150w, https:\/\/www.gisam.ch\/timonpumba\/wp-content\/uploads\/2015\/09\/FullSizeRender.jpg 750w\" sizes=\"(max-width: 300px) 100vw, 300px\" \/>On ne va pas vous faire la liste de course \u00ab\u00a0type\u00a0\u00bb, car vous la connaissez d\u00e9j\u00e0 tous (oui, m\u00eame toi qui n&rsquo;es pas voyageur). Pour faire court, depuis que la\u00a0d\u00e9cision de partir a \u00e9t\u00e9 prise, nous avons rendu notre appartement (c&rsquo;est moins cher d&rsquo;habiter sous les ponts) et vendu\/donn\u00e9 nos tr\u00e8s chers meubles. Ensuite, un voyage \u00e7a signifie aussi l&rsquo;occasion \u00e0 notre corps de vivre de nouvelles exp\u00e9riences : c&rsquo;est apr\u00e8s une dizaine de vaccins (chacun !!! Qu&rsquo;est-ce qu&rsquo;on ne ferait pas pour voyager), des prises de sangs, des m\u00e9dicaments en tout genre \u00e0 avaler, des dents toutes propres que nous sommes enfin pr\u00eats \u00e0 quitter la Suisse !<\/span><\/p>\n<p><span style=\"font-family: helvetica,arial,sans-serif;\"><em>Id\u00e9e pour un futur d\u00e9bat philosophique : la pr\u00e9paration d&rsquo;un voyage ne constitue-t-elle pas d\u00e9j\u00e0 \u00e0 un voyage corporel\u00a0?<\/em><\/span><\/p>\n<p><span style=\"font-family: helvetica,arial,sans-serif;\">Outre ces exp\u00e9riences corporelles inoubliables, nous avons pens\u00e9\u00a0\u00e0 un parcours possible au travers du beau continent, les besoins de visas obligent\u2026 Mais nous n&rsquo;oublions pas la partie spontan\u00e9e du voyage, qui constitue les plus belles aventures ! Le plan est donc ouvert \u00e0 toutes modifications (par des rencontres, des avis, des envies, Dieu, Paul le poulpe\u2026).<\/span><\/p>\n<p><span style=\"font-family: helvetica,arial,sans-serif;\">Si vous avez besoin d&rsquo;aide ou d&rsquo;informations, l&rsquo;id\u00e9al c&rsquo;est encore de nous demander !<\/span><\/p>\n<p><span style=\"font-family: helvetica,arial,sans-serif;\"><strong>C&rsquo;est parti mon kiki !<\/strong><\/span><\/p>\n<p>&nbsp;<\/p>\n<p>&nbsp;<\/p>\n","protected":false},"excerpt":{"rendered":"<p>Avant le grand d\u00e9part, les grands pr\u00e9paratifs ! On ne va pas vous faire la liste de course \u00ab\u00a0type\u00a0\u00bb, car vous la connaissez d\u00e9j\u00e0 tous (oui, m\u00eame toi qui n&rsquo;es pas voyageur). Pour faire court, depuis que la\u00a0d\u00e9cision &hellip; <\/p>\n<div class=\"more-link-wrapper\"><a href=\"https:\/\/www.gisam.ch\/timonpumba\/?page_id=208\" class=\"more-link\">Continue reading<span class=\"screen-reader-text\"> \u00ab\u00a0Rucksack\u00a0\u00bb<\/span><\/a><\/div>\n","protected":false},"author":1,"featured_media":0,"parent":0,"menu_order":0,"comment_status":"open","ping_status":"closed","template":"","meta":{"jetpack_post_was_ever_published":false},"_links":{"self":[{"href":"https:\/\/www.gisam.ch\/timonpumba\/index.php?rest_route=\/wp\/v2\/pages\/208"}],"collection":[{"href":"https:\/\/www.gisam.ch\/timonpumba\/index.php?rest_route=\/wp\/v2\/pages"}],"about":[{"href":"https:\/\/www.gisam.ch\/timonpumba\/index.php?rest_route=\/wp\/v2\/types\/page"}],"author":[{"embeddable":true,"href":"https:\/\/www.gisam.ch\/timonpumba\/index.php?rest_route=\/wp\/v2\/users\/1"}],"replies":[{"embeddable":true,"href":"https:\/\/www.gisam.ch\/timonpumba\/index.php?rest_route=%2Fwp%2Fv2%2Fcomments&post=208"}],"version-history":[{"count":19,"href":"https:\/\/www.gisam.ch\/timonpumba\/index.php?rest_route=\/wp\/v2\/pages\/208\/revisions"}],"predecessor-version":[{"id":332,"href":"https:\/\/www.gisam.ch\/timonpumba\/index.php?rest_route=\/wp\/v2\/pages\/208\/revisions\/332"}],"wp:attachment":[{"href":"https:\/\/www.gisam.ch\/timonpumba\/index.php?rest_route=%2Fwp%2Fv2%2Fmedia&parent=208"}],"curies":[{"name":"wp","href":"https:\/\/api.w.org\/{rel}","templated":true}]}}