{"id":206,"date":"2015-09-18T10:46:23","date_gmt":"2015-09-18T09:46:23","guid":{"rendered":"http:\/\/www.gisam.ch\/pukchee\/?page_id=206"},"modified":"2015-11-18T09:39:53","modified_gmt":"2015-11-18T08:39:53","slug":"timon-et-pumba","status":"publish","type":"page","link":"https:\/\/www.gisam.ch\/timonpumba\/?page_id=206","title":{"rendered":"Timon et Pumba"},"content":{"rendered":"<p>&nbsp;<\/p>\n<p><span style=\"font-family: helvetica,arial,sans-serif;\">&#8230; Pocahontas et Smith, Choupette et Choupette\u2026 tant de noms possibles\u00a0!<\/span><\/p>\n<p><span style=\"font-family: helvetica,arial,sans-serif;\">Timon et Pumba, \u00e7a pourrait \u00eatre \u00e7a :<\/span><\/p>\n<p><span style=\"font-family: helvetica,arial,sans-serif;\"><a href=\"http:\/\/www.gisam.ch\/timonpumba\/wp-content\/uploads\/2015\/10\/Timon_12.jpg\"><img data-attachment-id=\"267\" data-permalink=\"https:\/\/www.gisam.ch\/timonpumba\/?attachment_id=267\" data-orig-file=\"https:\/\/www.gisam.ch\/timonpumba\/wp-content\/uploads\/2015\/10\/Timon_12.jpg\" data-orig-size=\"335,248\" data-comments-opened=\"1\" data-image-meta=\"{&quot;aperture&quot;:&quot;0&quot;,&quot;credit&quot;:&quot;&quot;,&quot;camera&quot;:&quot;&quot;,&quot;caption&quot;:&quot;&quot;,&quot;created_timestamp&quot;:&quot;0&quot;,&quot;copyright&quot;:&quot;&quot;,&quot;focal_length&quot;:&quot;0&quot;,&quot;iso&quot;:&quot;0&quot;,&quot;shutter_speed&quot;:&quot;0&quot;,&quot;title&quot;:&quot;&quot;,&quot;orientation&quot;:&quot;0&quot;}\" data-image-title=\"Timon_12\" data-image-description=\"\" data-image-caption=\"\" data-medium-file=\"https:\/\/www.gisam.ch\/timonpumba\/wp-content\/uploads\/2015\/10\/Timon_12-300x222.jpg\" data-large-file=\"https:\/\/www.gisam.ch\/timonpumba\/wp-content\/uploads\/2015\/10\/Timon_12.jpg\" loading=\"lazy\" class=\"border-image alignleft wp-image-267 size-medium\" src=\"http:\/\/www.gisam.ch\/timonpumba\/wp-content\/uploads\/2015\/10\/Timon_12-300x222.jpg\" alt=\"Timon_12\" width=\"300\" height=\"222\" srcset=\"https:\/\/www.gisam.ch\/timonpumba\/wp-content\/uploads\/2015\/10\/Timon_12-300x222.jpg 300w, https:\/\/www.gisam.ch\/timonpumba\/wp-content\/uploads\/2015\/10\/Timon_12.jpg 335w\" sizes=\"(max-width: 300px) 100vw, 300px\" \/><\/a><\/span><\/p>\n<p>&nbsp;<\/p>\n<p>&nbsp;<\/p>\n<p>&nbsp;<\/p>\n<p>&nbsp;<\/p>\n<p><span style=\"font-family: helvetica,arial,sans-serif;\">ou \u00e7a..<\/span><\/p>\n<p><span style=\"font-family: helvetica,arial,sans-serif;\"><a href=\"http:\/\/www.gisam.ch\/timonpumba\/wp-content\/uploads\/2015\/10\/timon-pumba.jpg\"><img data-attachment-id=\"276\" data-permalink=\"https:\/\/www.gisam.ch\/timonpumba\/?attachment_id=276\" data-orig-file=\"https:\/\/www.gisam.ch\/timonpumba\/wp-content\/uploads\/2015\/10\/timon-pumba.jpg\" data-orig-size=\"850,488\" data-comments-opened=\"1\" data-image-meta=\"{&quot;aperture&quot;:&quot;0&quot;,&quot;credit&quot;:&quot;&quot;,&quot;camera&quot;:&quot;&quot;,&quot;caption&quot;:&quot;&quot;,&quot;created_timestamp&quot;:&quot;0&quot;,&quot;copyright&quot;:&quot;&quot;,&quot;focal_length&quot;:&quot;0&quot;,&quot;iso&quot;:&quot;0&quot;,&quot;shutter_speed&quot;:&quot;0&quot;,&quot;title&quot;:&quot;&quot;,&quot;orientation&quot;:&quot;0&quot;}\" data-image-title=\"timon pumba\" data-image-description=\"\" data-image-caption=\"\" data-medium-file=\"https:\/\/www.gisam.ch\/timonpumba\/wp-content\/uploads\/2015\/10\/timon-pumba-300x172.jpg\" data-large-file=\"https:\/\/www.gisam.ch\/timonpumba\/wp-content\/uploads\/2015\/10\/timon-pumba.jpg\" loading=\"lazy\" class=\"border-image alignleft wp-image-276 size-medium\" src=\"http:\/\/www.gisam.ch\/timonpumba\/wp-content\/uploads\/2015\/10\/timon-pumba-300x172.jpg\" alt=\"timon pumba\" width=\"300\" height=\"172\" srcset=\"https:\/\/www.gisam.ch\/timonpumba\/wp-content\/uploads\/2015\/10\/timon-pumba-300x172.jpg 300w, https:\/\/www.gisam.ch\/timonpumba\/wp-content\/uploads\/2015\/10\/timon-pumba.jpg 850w\" sizes=\"(max-width: 300px) 100vw, 300px\" \/><\/a><a href=\"http:\/\/www.gisam.ch\/pukchee\/wp-content\/uploads\/2015\/10\/disney_travel_the-lion-king_timon_pumbaa.jpg\"><br \/>\n<\/a><\/span><\/p>\n<p>&nbsp;<\/p>\n<p>&nbsp;<\/p>\n<p>&nbsp;<\/p>\n<p><span style=\"font-family: helvetica,arial,sans-serif;\">Mais c&rsquo;est aussi simplement un couple\u00a0ins\u00e9parable et\u00a0friands de voyages, de cultures nouvelles et d\u2019aventures.<\/span><\/p>\n<p style=\"text-align: center;\"><span style=\"font-family: helvetica,arial,sans-serif; font-size: 14pt;\"><strong><span style=\"color: #cc99ff;\">Elle\u00a0<\/span>: \u00a0 Nadine, 23 ans, de nationalit\u00e9 valaisanne et indienne.<\/strong><\/span><\/p>\n<p><span style=\"font-family: helvetica,arial,sans-serif;\"><a href=\"http:\/\/www.gisam.ch\/timonpumba\/wp-content\/uploads\/2015\/09\/IMG_3734.jpg\"><img data-attachment-id=\"268\" data-permalink=\"https:\/\/www.gisam.ch\/timonpumba\/?attachment_id=268\" data-orig-file=\"https:\/\/www.gisam.ch\/timonpumba\/wp-content\/uploads\/2015\/09\/IMG_3734.jpg\" data-orig-size=\"750,639\" data-comments-opened=\"1\" data-image-meta=\"{&quot;aperture&quot;:&quot;0&quot;,&quot;credit&quot;:&quot;&quot;,&quot;camera&quot;:&quot;&quot;,&quot;caption&quot;:&quot;&quot;,&quot;created_timestamp&quot;:&quot;0&quot;,&quot;copyright&quot;:&quot;&quot;,&quot;focal_length&quot;:&quot;0&quot;,&quot;iso&quot;:&quot;0&quot;,&quot;shutter_speed&quot;:&quot;0&quot;,&quot;title&quot;:&quot;&quot;,&quot;orientation&quot;:&quot;1&quot;}\" data-image-title=\"IMG_3734\" data-image-description=\"\" data-image-caption=\"\" data-medium-file=\"https:\/\/www.gisam.ch\/timonpumba\/wp-content\/uploads\/2015\/09\/IMG_3734-300x256.jpg\" data-large-file=\"https:\/\/www.gisam.ch\/timonpumba\/wp-content\/uploads\/2015\/09\/IMG_3734.jpg\" loading=\"lazy\" class=\"alignright size-medium wp-image-268\" src=\"http:\/\/www.gisam.ch\/timonpumba\/wp-content\/uploads\/2015\/09\/IMG_3734-300x256.jpg\" alt=\"IMG_3734\" width=\"300\" height=\"256\" srcset=\"https:\/\/www.gisam.ch\/timonpumba\/wp-content\/uploads\/2015\/09\/IMG_3734-300x256.jpg 300w, https:\/\/www.gisam.ch\/timonpumba\/wp-content\/uploads\/2015\/09\/IMG_3734.jpg 750w\" sizes=\"(max-width: 300px) 100vw, 300px\" \/><\/a>Tout juste dipl\u00f4m\u00e9e en Marketing et Communication (et r\u00e9cemment Sp\u00e9cialiste en Relations Publiques avec brevet f\u00e9d\u00e9ral\u00a0!!!), elle est le soleil et la lune. Elle s\u2019excite pour un rien et peut danser comme une banane pendant une minute, mais sera au fond du canap\u00e9 avec z\u00e9ro envie de se lever l\u2019autre. Pas sportive pour le moindre sous, c\u2019est son amour pour l\u2019\u00e9tranger (et pour l\u2019autre Tabouret aussi\u00a0!) qui sera source de motivation dans ce voyage. C&rsquo;est l&rsquo;esprit l\u00e9ger, apr\u00e8s avoir brillamment r\u00e9ussi ses \u00e9tudes, qu&rsquo;elle entamera ce voyage par l&rsquo;un de ses pays d&rsquo;origine&#8230; l&rsquo;Inde.<\/span><\/p>\n<p style=\"text-align: center;\"><span style=\"font-family: helvetica,arial,sans-serif; font-size: 14pt;\"><strong><span style=\"color: #0000ff;\">Lui<\/span>\u00a0: \u00a0\u00a0\u00a0 S\u00e9bastien, 32 ans, de nationalit\u00e9 valaisanne\u00a0 et allemande.<\/strong><\/span><\/p>\n<p><span style=\"font-family: helvetica,arial,sans-serif;\"><a href=\"http:\/\/www.gisam.ch\/timonpumba\/wp-content\/uploads\/2015\/10\/IMG_0846.jpg\"><img data-attachment-id=\"244\" data-permalink=\"https:\/\/www.gisam.ch\/timonpumba\/?attachment_id=244\" data-orig-file=\"https:\/\/www.gisam.ch\/timonpumba\/wp-content\/uploads\/2015\/10\/IMG_0846.jpg\" data-orig-size=\"800,800\" data-comments-opened=\"1\" data-image-meta=\"{&quot;aperture&quot;:&quot;0&quot;,&quot;credit&quot;:&quot;&quot;,&quot;camera&quot;:&quot;&quot;,&quot;caption&quot;:&quot;&quot;,&quot;created_timestamp&quot;:&quot;0&quot;,&quot;copyright&quot;:&quot;&quot;,&quot;focal_length&quot;:&quot;0&quot;,&quot;iso&quot;:&quot;0&quot;,&quot;shutter_speed&quot;:&quot;0&quot;,&quot;title&quot;:&quot;&quot;,&quot;orientation&quot;:&quot;1&quot;}\" data-image-title=\"IMG_0846\" data-image-description=\"\" data-image-caption=\"\" data-medium-file=\"https:\/\/www.gisam.ch\/timonpumba\/wp-content\/uploads\/2015\/10\/IMG_0846-300x300.jpg\" data-large-file=\"https:\/\/www.gisam.ch\/timonpumba\/wp-content\/uploads\/2015\/10\/IMG_0846.jpg\" loading=\"lazy\" class=\"alignright wp-image-244 size-medium\" src=\"http:\/\/www.gisam.ch\/timonpumba\/wp-content\/uploads\/2015\/10\/IMG_0846-300x300.jpg\" alt=\"IMG_0846\" width=\"300\" height=\"300\" srcset=\"https:\/\/www.gisam.ch\/timonpumba\/wp-content\/uploads\/2015\/10\/IMG_0846-300x300.jpg 300w, https:\/\/www.gisam.ch\/timonpumba\/wp-content\/uploads\/2015\/10\/IMG_0846-150x150.jpg 150w, https:\/\/www.gisam.ch\/timonpumba\/wp-content\/uploads\/2015\/10\/IMG_0846.jpg 800w, https:\/\/www.gisam.ch\/timonpumba\/wp-content\/uploads\/2015\/10\/IMG_0846-640x640.jpg 640w\" sizes=\"(max-width: 300px) 100vw, 300px\" \/><\/a>Sensible, attentionn\u00e9 et tr\u00e8s g\u00e9n\u00e9reux (pas touche les filles), c\u2019est avec une excitation non<\/span><br \/>\n<span style=\"font-family: helvetica,arial,sans-serif;\"> contenue qu\u2019il se lance dans ce p\u00e9riple. Longtemps employ\u00e9 de commerce dans un monde ne correspondant pas toujours \u00e0 sa mentalit\u00e9, il a toutefois pass\u00e9 d&rsquo;excellents moments dans une premi\u00e8re grosse \u00e9tape de sa vie professionnelle. Electron libre et grand voyageur depuis toujours, sportif, bon-vivant, fan de nature et des grands espaces, il \u00e9tait temps de continuer sa route. Les belles histoires de vie s&rsquo;\u00e9crivent souvent sur plusieurs pages&#8230;<\/span><\/p>\n<p>&nbsp;<\/p>\n<p><span style=\"font-family: helvetica,arial,sans-serif;\">Nous nous sommes rencontr\u00e9s il y a maintenant plus de 4 ans alors que nous \u00e9tions \u00e0 Berlin. Un <a href=\"http:\/\/www.gisam.ch\/timonpumba\/wp-content\/uploads\/2015\/10\/IMG_2033.jpg\"><img data-attachment-id=\"241\" data-permalink=\"https:\/\/www.gisam.ch\/timonpumba\/?attachment_id=241\" data-orig-file=\"https:\/\/www.gisam.ch\/timonpumba\/wp-content\/uploads\/2015\/10\/IMG_2033.jpg\" data-orig-size=\"800,800\" data-comments-opened=\"1\" data-image-meta=\"{&quot;aperture&quot;:&quot;0&quot;,&quot;credit&quot;:&quot;&quot;,&quot;camera&quot;:&quot;&quot;,&quot;caption&quot;:&quot;&quot;,&quot;created_timestamp&quot;:&quot;0&quot;,&quot;copyright&quot;:&quot;&quot;,&quot;focal_length&quot;:&quot;0&quot;,&quot;iso&quot;:&quot;0&quot;,&quot;shutter_speed&quot;:&quot;0&quot;,&quot;title&quot;:&quot;&quot;,&quot;orientation&quot;:&quot;1&quot;}\" data-image-title=\"IMG_2033\" data-image-description=\"\" data-image-caption=\"\" data-medium-file=\"https:\/\/www.gisam.ch\/timonpumba\/wp-content\/uploads\/2015\/10\/IMG_2033-300x300.jpg\" data-large-file=\"https:\/\/www.gisam.ch\/timonpumba\/wp-content\/uploads\/2015\/10\/IMG_2033.jpg\" loading=\"lazy\" class=\"border-image alignright wp-image-241 size-medium\" src=\"http:\/\/www.gisam.ch\/timonpumba\/wp-content\/uploads\/2015\/10\/IMG_2033-300x300.jpg\" alt=\"IMG_2033\" width=\"300\" height=\"300\" srcset=\"https:\/\/www.gisam.ch\/timonpumba\/wp-content\/uploads\/2015\/10\/IMG_2033-300x300.jpg 300w, https:\/\/www.gisam.ch\/timonpumba\/wp-content\/uploads\/2015\/10\/IMG_2033-150x150.jpg 150w, https:\/\/www.gisam.ch\/timonpumba\/wp-content\/uploads\/2015\/10\/IMG_2033.jpg 800w, https:\/\/www.gisam.ch\/timonpumba\/wp-content\/uploads\/2015\/10\/IMG_2033-640x640.jpg 640w\" sizes=\"(max-width: 300px) 100vw, 300px\" \/><\/a>d\u00e9but de relation d\u00e9j\u00e0 bas\u00e9 sur l\u2019envie de conna\u00eetre de nouvelles aventures, nous avons par la suite mis le pied sur plusieurs autres destinations\u00a0: Floride, Edimbourg, Helsinki, Munich (Oktoberfest f\u00fcr immer !), Heidelberg, Rome, Pise, Tha\u00eflande, Porto,\u00a0Vietnam (pays coup de c\u0153ur en Asie pour le moment\u00a0!) et j\u2019en passe\u2026 L\u2019amour du voyage nous a tr\u00e8s vite unis, et depuis nous avons tout fait pour d\u00e9couvrir sans cesse de nouvelles cultures\u00a0! Nous voici \u00e0 pr\u00e9sent quatre ann\u00e9es apr\u00e8s notre rencontre, le c\u0153ur d\u00e9j\u00e0 rempli de tellement de bonheur, mais avec l\u2019envie de toujours plus\u00a0: nous d\u00e9cidons de tout mettre en suspens pour faire un grand beau voyage dans un continent qui nous attire \u00e9norm\u00e9ment (et qui ne fera pas trop mal \u00e0 notre budget).\u00a0Peut-\u00eatre que tout \u00e9tait en suspens jusque l\u00e0 et que c&rsquo;est maintenant que \u00e7a commence&#8230; Allez-y, essayez, \u00e7a fait peur mais \u00e7a ne fait pas mal, au contraire !<\/span><\/p>\n<p><span style=\"font-family: helvetica,arial,sans-serif;\">Le but d&rsquo;un voyage est connu de tous et personnel \u00e0 la fois, c&rsquo;est pourquoi on r\u00e9sumera simplement qu&rsquo;on se r\u00e9jouit d&rsquo;ouvrir nos esprits, et de narguer la routine. Mais plus que tout, c\u2019est une ann\u00e9e qui nous permettra de nous retrouver et de nous recentrer sur les choses simples et heureuses de la vie.<\/span><\/p>\n<p><span style=\"font-family: helvetica,arial,sans-serif;\"><a href=\"http:\/\/www.gisam.ch\/timonpumba\/wp-content\/uploads\/2015\/10\/IMG_0532.jpg\"><img data-attachment-id=\"249\" data-permalink=\"https:\/\/www.gisam.ch\/timonpumba\/?attachment_id=249\" data-orig-file=\"https:\/\/www.gisam.ch\/timonpumba\/wp-content\/uploads\/2015\/10\/IMG_0532.jpg\" data-orig-size=\"960,1280\" data-comments-opened=\"1\" data-image-meta=\"{&quot;aperture&quot;:&quot;2.4&quot;,&quot;credit&quot;:&quot;&quot;,&quot;camera&quot;:&quot;iPhone 5&quot;,&quot;caption&quot;:&quot;&quot;,&quot;created_timestamp&quot;:&quot;1354888612&quot;,&quot;copyright&quot;:&quot;&quot;,&quot;focal_length&quot;:&quot;2.18&quot;,&quot;iso&quot;:&quot;32&quot;,&quot;shutter_speed&quot;:&quot;0.016666666666667&quot;,&quot;title&quot;:&quot;&quot;,&quot;orientation&quot;:&quot;1&quot;}\" data-image-title=\"IMG_0532\" data-image-description=\"\" data-image-caption=\"\" data-medium-file=\"https:\/\/www.gisam.ch\/timonpumba\/wp-content\/uploads\/2015\/10\/IMG_0532-225x300.jpg\" data-large-file=\"https:\/\/www.gisam.ch\/timonpumba\/wp-content\/uploads\/2015\/10\/IMG_0532-768x1024.jpg\" loading=\"lazy\" class=\"border-image aligncenter wp-image-249 size-medium\" src=\"http:\/\/www.gisam.ch\/timonpumba\/wp-content\/uploads\/2015\/10\/IMG_0532-225x300.jpg\" alt=\"IMG_0532\" width=\"225\" height=\"300\" srcset=\"https:\/\/www.gisam.ch\/timonpumba\/wp-content\/uploads\/2015\/10\/IMG_0532-225x300.jpg 225w, https:\/\/www.gisam.ch\/timonpumba\/wp-content\/uploads\/2015\/10\/IMG_0532-768x1024.jpg 768w, https:\/\/www.gisam.ch\/timonpumba\/wp-content\/uploads\/2015\/10\/IMG_0532.jpg 960w\" sizes=\"(max-width: 225px) 100vw, 225px\" \/><\/a><\/span><\/p>\n<p><span style=\"font-family: helvetica,arial,sans-serif;\">Gr\u00e2ce \u00e0 de l\u2019aide de notre entourage, nous avons r\u00e9ussi \u00e0 mettre en place ce voyage depuis maintenant une ann\u00e9e. Vente de meubles, remise de l\u2019appartement, emm\u00e9nagement chez les parents, petits boulots \u00e0 droite \u00e0 gauche et \u00e9conomies au max\u00a0: nous voil\u00e0 pr\u00eats \u00e0 partir\u00a0!!! Un \u00e9norme merci \u00e0 tous pour vos aides, soutiens et gentillesse.<\/span><\/p>\n<p><span style=\"font-family: helvetica,arial,sans-serif;\"><a href=\"http:\/\/www.gisam.ch\/timonpumba\/wp-content\/uploads\/2015\/08\/FullSizeRender1.jpg\"><img data-attachment-id=\"144\" data-permalink=\"https:\/\/www.gisam.ch\/timonpumba\/?attachment_id=144\" data-orig-file=\"https:\/\/www.gisam.ch\/timonpumba\/wp-content\/uploads\/2015\/08\/FullSizeRender1.jpg\" data-orig-size=\"1280,960\" data-comments-opened=\"1\" data-image-meta=\"{&quot;aperture&quot;:&quot;2.2&quot;,&quot;credit&quot;:&quot;&quot;,&quot;camera&quot;:&quot;iPhone 6 Plus&quot;,&quot;caption&quot;:&quot;&quot;,&quot;created_timestamp&quot;:&quot;1439117181&quot;,&quot;copyright&quot;:&quot;&quot;,&quot;focal_length&quot;:&quot;2.65&quot;,&quot;iso&quot;:&quot;32&quot;,&quot;shutter_speed&quot;:&quot;0.0072992700729927&quot;,&quot;title&quot;:&quot;&quot;,&quot;orientation&quot;:&quot;0&quot;}\" data-image-title=\"FullSizeRender\" data-image-description=\"\" data-image-caption=\"\" data-medium-file=\"https:\/\/www.gisam.ch\/timonpumba\/wp-content\/uploads\/2015\/08\/FullSizeRender1-300x225.jpg\" data-large-file=\"https:\/\/www.gisam.ch\/timonpumba\/wp-content\/uploads\/2015\/08\/FullSizeRender1-1024x768.jpg\" loading=\"lazy\" class=\"border-image aligncenter wp-image-144 size-medium\" src=\"http:\/\/www.gisam.ch\/timonpumba\/wp-content\/uploads\/2015\/08\/FullSizeRender1-300x225.jpg\" alt=\"FullSizeRender\" width=\"300\" height=\"225\" srcset=\"https:\/\/www.gisam.ch\/timonpumba\/wp-content\/uploads\/2015\/08\/FullSizeRender1-300x225.jpg 300w, https:\/\/www.gisam.ch\/timonpumba\/wp-content\/uploads\/2015\/08\/FullSizeRender1-1024x768.jpg 1024w, https:\/\/www.gisam.ch\/timonpumba\/wp-content\/uploads\/2015\/08\/FullSizeRender1.jpg 1280w\" sizes=\"(max-width: 300px) 100vw, 300px\" \/><\/a>On esp\u00e8re au minimum 365 jours de partage, d\u2019amour, d\u2019\u00e9changes, de rencontre\u2026 une nouvelle vie nous attend\u00a0!<\/span><\/p>\n<p><span style=\"font-family: helvetica,arial,sans-serif;\"><a href=\"http:\/\/www.gisam.ch\/timonpumba\/wp-content\/uploads\/2015\/10\/IMG_1728.jpg\"><img data-attachment-id=\"239\" data-permalink=\"https:\/\/www.gisam.ch\/timonpumba\/?attachment_id=239\" data-orig-file=\"https:\/\/www.gisam.ch\/timonpumba\/wp-content\/uploads\/2015\/10\/IMG_1728.jpg\" data-orig-size=\"1280,960\" data-comments-opened=\"1\" data-image-meta=\"{&quot;aperture&quot;:&quot;2.4&quot;,&quot;credit&quot;:&quot;&quot;,&quot;camera&quot;:&quot;iPhone 5&quot;,&quot;caption&quot;:&quot;&quot;,&quot;created_timestamp&quot;:&quot;1362143466&quot;,&quot;copyright&quot;:&quot;&quot;,&quot;focal_length&quot;:&quot;2.18&quot;,&quot;iso&quot;:&quot;32&quot;,&quot;shutter_speed&quot;:&quot;0.0023474178403756&quot;,&quot;title&quot;:&quot;&quot;,&quot;orientation&quot;:&quot;1&quot;}\" data-image-title=\"IMG_1728\" data-image-description=\"\" data-image-caption=\"\" data-medium-file=\"https:\/\/www.gisam.ch\/timonpumba\/wp-content\/uploads\/2015\/10\/IMG_1728-300x225.jpg\" data-large-file=\"https:\/\/www.gisam.ch\/timonpumba\/wp-content\/uploads\/2015\/10\/IMG_1728-1024x768.jpg\" loading=\"lazy\" class=\"border-image aligncenter wp-image-239 size-medium\" src=\"http:\/\/www.gisam.ch\/timonpumba\/wp-content\/uploads\/2015\/10\/IMG_1728-300x225.jpg\" alt=\"IMG_1728\" width=\"300\" height=\"225\" srcset=\"https:\/\/www.gisam.ch\/timonpumba\/wp-content\/uploads\/2015\/10\/IMG_1728-300x225.jpg 300w, https:\/\/www.gisam.ch\/timonpumba\/wp-content\/uploads\/2015\/10\/IMG_1728-1024x768.jpg 1024w, https:\/\/www.gisam.ch\/timonpumba\/wp-content\/uploads\/2015\/10\/IMG_1728.jpg 1280w\" sizes=\"(max-width: 300px) 100vw, 300px\" \/><\/a><\/span><\/p>\n<p><span style=\"font-family: helvetica,arial,sans-serif;\">N\u2019h\u00e9sitez pas \u00e0 vous abonner au site afin d\u2019\u00eatre \u00e0 l\u2019actu des derni\u00e8res news croustillantes sur notre p\u00e9riple\u00a0! Nous sommes bien entendu \u00e9galement preneurs de tout commentaires ou propositions\u00a0!<\/span><\/p>\n<p><span style=\"font-family: helvetica,arial,sans-serif;\">En route mauvaise troupe !<a href=\"http:\/\/www.gisam.ch\/pukchee\/wp-content\/uploads\/2015\/09\/Avatar.jpg\"><br \/>\n<\/a><a href=\"http:\/\/www.gisam.ch\/timonpumba\/wp-content\/uploads\/2015\/09\/Avatar.jpg\"><img data-attachment-id=\"174\" data-permalink=\"https:\/\/www.gisam.ch\/timonpumba\/?attachment_id=174\" data-orig-file=\"https:\/\/www.gisam.ch\/timonpumba\/wp-content\/uploads\/2015\/09\/Avatar.jpg\" data-orig-size=\"1200,1600\" data-comments-opened=\"1\" data-image-meta=\"{&quot;aperture&quot;:&quot;0&quot;,&quot;credit&quot;:&quot;&quot;,&quot;camera&quot;:&quot;&quot;,&quot;caption&quot;:&quot;&quot;,&quot;created_timestamp&quot;:&quot;0&quot;,&quot;copyright&quot;:&quot;&quot;,&quot;focal_length&quot;:&quot;0&quot;,&quot;iso&quot;:&quot;0&quot;,&quot;shutter_speed&quot;:&quot;0&quot;,&quot;title&quot;:&quot;&quot;,&quot;orientation&quot;:&quot;1&quot;}\" data-image-title=\"Avatar\" data-image-description=\"\" data-image-caption=\"\" data-medium-file=\"https:\/\/www.gisam.ch\/timonpumba\/wp-content\/uploads\/2015\/09\/Avatar-225x300.jpg\" data-large-file=\"https:\/\/www.gisam.ch\/timonpumba\/wp-content\/uploads\/2015\/09\/Avatar-768x1024.jpg\" loading=\"lazy\" class=\"border-image alignright wp-image-174 size-large\" src=\"http:\/\/www.gisam.ch\/timonpumba\/wp-content\/uploads\/2015\/09\/Avatar-768x1024.jpg\" alt=\"Avatar\" width=\"760\" height=\"1013\" srcset=\"https:\/\/www.gisam.ch\/timonpumba\/wp-content\/uploads\/2015\/09\/Avatar-768x1024.jpg 768w, https:\/\/www.gisam.ch\/timonpumba\/wp-content\/uploads\/2015\/09\/Avatar-225x300.jpg 225w, https:\/\/www.gisam.ch\/timonpumba\/wp-content\/uploads\/2015\/09\/Avatar.jpg 1200w\" sizes=\"(max-width: 760px) 100vw, 760px\" \/><\/a><\/span><\/p>\n<p>&nbsp;<\/p>\n<p><span style=\"font-family: helvetica,arial,sans-serif;\">Nadine et Boubou<\/span><\/p>\n<p><span style=\"font-family: helvetica,arial,sans-serif;\">On vous embrasse !<\/span><\/p>\n","protected":false},"excerpt":{"rendered":"<p>&nbsp; &#8230; Pocahontas et Smith, Choupette et Choupette\u2026 tant de noms possibles\u00a0! Timon et Pumba, \u00e7a pourrait \u00eatre \u00e7a : &nbsp; &nbsp; &nbsp; &nbsp; ou \u00e7a.. &nbsp; &nbsp; &nbsp; Mais c&rsquo;est aussi simplement un couple\u00a0ins\u00e9parable et\u00a0friands de voyages, &hellip; <\/p>\n<div class=\"more-link-wrapper\"><a href=\"https:\/\/www.gisam.ch\/timonpumba\/?page_id=206\" class=\"more-link\">Continue reading<span class=\"screen-reader-text\"> \u00ab\u00a0Timon et Pumba\u00a0\u00bb<\/span><\/a><\/div>\n","protected":false},"author":1,"featured_media":0,"parent":0,"menu_order":0,"comment_status":"open","ping_status":"closed","template":"","meta":{"jetpack_post_was_ever_published":false},"_links":{"self":[{"href":"https:\/\/www.gisam.ch\/timonpumba\/index.php?rest_route=\/wp\/v2\/pages\/206"}],"collection":[{"href":"https:\/\/www.gisam.ch\/timonpumba\/index.php?rest_route=\/wp\/v2\/pages"}],"about":[{"href":"https:\/\/www.gisam.ch\/timonpumba\/index.php?rest_route=\/wp\/v2\/types\/page"}],"author":[{"embeddable":true,"href":"https:\/\/www.gisam.ch\/timonpumba\/index.php?rest_route=\/wp\/v2\/users\/1"}],"replies":[{"embeddable":true,"href":"https:\/\/www.gisam.ch\/timonpumba\/index.php?rest_route=%2Fwp%2Fv2%2Fcomments&post=206"}],"version-history":[{"count":31,"href":"https:\/\/www.gisam.ch\/timonpumba\/index.php?rest_route=\/wp\/v2\/pages\/206\/revisions"}],"predecessor-version":[{"id":370,"href":"https:\/\/www.gisam.ch\/timonpumba\/index.php?rest_route=\/wp\/v2\/pages\/206\/revisions\/370"}],"wp:attachment":[{"href":"https:\/\/www.gisam.ch\/timonpumba\/index.php?rest_route=%2Fwp%2Fv2%2Fmedia&parent=206"}],"curies":[{"name":"wp","href":"https:\/\/api.w.org\/{rel}","templated":true}]}}