{"id":115,"date":"2015-08-24T10:14:44","date_gmt":"2015-08-24T09:14:44","guid":{"rendered":"http:\/\/www.gisam.ch\/pukchee\/?page_id=115"},"modified":"2018-04-30T11:31:20","modified_gmt":"2018-04-30T10:31:20","slug":"le-voyage","status":"publish","type":"page","link":"https:\/\/www.gisam.ch\/timonpumba\/?page_id=115","title":{"rendered":"Petite Escapade"},"content":{"rendered":"<p>&nbsp;<\/p>\n<p><span style=\"font-family: helvetica,arial,sans-serif; font-size: 14pt;\">Sur la route\u00a0depuis d\u00e9cembre 2015, voici la liste des pays que nous avons d\u00e9j\u00e0 visit\u00e9s et ceux qui nous attendent encore&#8230;\u00a0<\/span><span style=\"font-family: helvetica,arial,sans-serif; font-size: 14pt;\">Moteur !<\/span><\/p>\n<table style=\"height: 582px;\" width=\"883\">\n<tbody>\n<tr>\n<td>\n<p><figure id=\"attachment_178\" aria-describedby=\"caption-attachment-178\" style=\"width: 150px\" class=\"wp-caption aligncenter\"><a href=\"http:\/\/www.gisam.ch\/timonpumba\/?cat=11\" rel=\"attachment wp-att-178\"><img data-attachment-id=\"178\" data-permalink=\"https:\/\/www.gisam.ch\/timonpumba\/?attachment_id=178\" data-orig-file=\"https:\/\/www.gisam.ch\/timonpumba\/wp-content\/uploads\/2015\/09\/india.jpg\" data-orig-size=\"300,200\" data-comments-opened=\"1\" data-image-meta=\"{&quot;aperture&quot;:&quot;0&quot;,&quot;credit&quot;:&quot;&quot;,&quot;camera&quot;:&quot;&quot;,&quot;caption&quot;:&quot;&quot;,&quot;created_timestamp&quot;:&quot;0&quot;,&quot;copyright&quot;:&quot;&quot;,&quot;focal_length&quot;:&quot;0&quot;,&quot;iso&quot;:&quot;0&quot;,&quot;shutter_speed&quot;:&quot;0&quot;,&quot;title&quot;:&quot;&quot;,&quot;orientation&quot;:&quot;0&quot;}\" data-image-title=\"india\" data-image-description=\"&lt;p&gt;D\u00e9cembre &#8211; Janvier&lt;\/p&gt;\n\" data-image-caption=\"&lt;p&gt;Inde&lt;\/p&gt;\n\" data-medium-file=\"https:\/\/www.gisam.ch\/timonpumba\/wp-content\/uploads\/2015\/09\/india-300x200.jpg\" data-large-file=\"https:\/\/www.gisam.ch\/timonpumba\/wp-content\/uploads\/2015\/09\/india.jpg\" loading=\"lazy\" class=\"border-image wp-image-178\" src=\"http:\/\/www.gisam.ch\/timonpumba\/wp-content\/uploads\/2015\/09\/india.jpg\" alt=\"Inde \" width=\"150\" height=\"100\" \/><\/a><figcaption id=\"caption-attachment-178\" class=\"wp-caption-text\">Inde, 7 d\u00e9cembre 2015 &#8211; 24 janvier 2016<\/figcaption><\/figure><\/td>\n<td>\n<p><figure id=\"attachment_218\" aria-describedby=\"caption-attachment-218\" style=\"width: 150px\" class=\"wp-caption aligncenter\"><a href=\"http:\/\/www.gisam.ch\/timonpumba\/?cat=12\" rel=\"attachment wp-att-218\"><img data-attachment-id=\"218\" data-permalink=\"https:\/\/www.gisam.ch\/timonpumba\/?attachment_id=218\" data-orig-file=\"https:\/\/www.gisam.ch\/timonpumba\/wp-content\/uploads\/2015\/08\/Myanmar-2.jpg\" data-orig-size=\"300,200\" data-comments-opened=\"1\" data-image-meta=\"{&quot;aperture&quot;:&quot;0&quot;,&quot;credit&quot;:&quot;&quot;,&quot;camera&quot;:&quot;&quot;,&quot;caption&quot;:&quot;&quot;,&quot;created_timestamp&quot;:&quot;0&quot;,&quot;copyright&quot;:&quot;&quot;,&quot;focal_length&quot;:&quot;0&quot;,&quot;iso&quot;:&quot;0&quot;,&quot;shutter_speed&quot;:&quot;0&quot;,&quot;title&quot;:&quot;&quot;,&quot;orientation&quot;:&quot;0&quot;}\" data-image-title=\"Myanmar 2\" data-image-description=\"\" data-image-caption=\"&lt;p&gt;Myanmar&lt;\/p&gt;\n\" data-medium-file=\"https:\/\/www.gisam.ch\/timonpumba\/wp-content\/uploads\/2015\/08\/Myanmar-2-300x200.jpg\" data-large-file=\"https:\/\/www.gisam.ch\/timonpumba\/wp-content\/uploads\/2015\/08\/Myanmar-2.jpg\" loading=\"lazy\" class=\"border-image wp-image-218\" src=\"http:\/\/www.gisam.ch\/timonpumba\/wp-content\/uploads\/2015\/08\/Myanmar-2.jpg\" alt=\"Myanmar\" width=\"150\" height=\"100\" \/><\/a><figcaption id=\"caption-attachment-218\" class=\"wp-caption-text\">Myanmar, 24 janvier 2016 &#8211; 21 f\u00e9vrier 2016<\/figcaption><\/figure><\/td>\n<td>\n<p><figure id=\"attachment_220\" aria-describedby=\"caption-attachment-220\" style=\"width: 150px\" class=\"wp-caption aligncenter\"><a href=\"http:\/\/www.gisam.ch\/timonpumba\/?cat=14\" rel=\"attachment wp-att-220\"><img data-attachment-id=\"220\" data-permalink=\"https:\/\/www.gisam.ch\/timonpumba\/?attachment_id=220\" data-orig-file=\"https:\/\/www.gisam.ch\/timonpumba\/wp-content\/uploads\/2015\/08\/philippine.jpg\" data-orig-size=\"300,200\" data-comments-opened=\"1\" data-image-meta=\"{&quot;aperture&quot;:&quot;0&quot;,&quot;credit&quot;:&quot;&quot;,&quot;camera&quot;:&quot;&quot;,&quot;caption&quot;:&quot;&quot;,&quot;created_timestamp&quot;:&quot;0&quot;,&quot;copyright&quot;:&quot;&quot;,&quot;focal_length&quot;:&quot;0&quot;,&quot;iso&quot;:&quot;0&quot;,&quot;shutter_speed&quot;:&quot;0&quot;,&quot;title&quot;:&quot;&quot;,&quot;orientation&quot;:&quot;0&quot;}\" data-image-title=\"philippine\" data-image-description=\"\" data-image-caption=\"&lt;p&gt;Philippine&lt;\/p&gt;\n\" data-medium-file=\"https:\/\/www.gisam.ch\/timonpumba\/wp-content\/uploads\/2015\/08\/philippine-300x200.jpg\" data-large-file=\"https:\/\/www.gisam.ch\/timonpumba\/wp-content\/uploads\/2015\/08\/philippine.jpg\" loading=\"lazy\" class=\"border-image wp-image-220\" src=\"http:\/\/www.gisam.ch\/timonpumba\/wp-content\/uploads\/2015\/08\/philippine.jpg\" alt=\"Philippines\" width=\"150\" height=\"100\" \/><\/a><figcaption id=\"caption-attachment-220\" class=\"wp-caption-text\">Philippines, 20 f\u00e9vrier 2016 &#8211; 17 mars 2016<\/figcaption><\/figure><\/td>\n<\/tr>\n<tr>\n<td>\n<p><figure id=\"attachment_179\" aria-describedby=\"caption-attachment-179\" style=\"width: 150px\" class=\"wp-caption aligncenter\"><a href=\"http:\/\/www.gisam.ch\/timonpumba\/?cat=15\" rel=\"attachment wp-att-216\"><img data-attachment-id=\"216\" data-permalink=\"https:\/\/www.gisam.ch\/timonpumba\/?attachment_id=216\" data-orig-file=\"https:\/\/www.gisam.ch\/timonpumba\/wp-content\/uploads\/2015\/08\/Japan-1.jpg\" data-orig-size=\"300,200\" data-comments-opened=\"1\" data-image-meta=\"{&quot;aperture&quot;:&quot;0&quot;,&quot;credit&quot;:&quot;&quot;,&quot;camera&quot;:&quot;&quot;,&quot;caption&quot;:&quot;&quot;,&quot;created_timestamp&quot;:&quot;0&quot;,&quot;copyright&quot;:&quot;&quot;,&quot;focal_length&quot;:&quot;0&quot;,&quot;iso&quot;:&quot;0&quot;,&quot;shutter_speed&quot;:&quot;0&quot;,&quot;title&quot;:&quot;&quot;,&quot;orientation&quot;:&quot;0&quot;}\" data-image-title=\"Japan 1\" data-image-description=\"\" data-image-caption=\"&lt;p&gt;Japon&lt;\/p&gt;\n\" data-medium-file=\"https:\/\/www.gisam.ch\/timonpumba\/wp-content\/uploads\/2015\/08\/Japan-1-300x200.jpg\" data-large-file=\"https:\/\/www.gisam.ch\/timonpumba\/wp-content\/uploads\/2015\/08\/Japan-1.jpg\" loading=\"lazy\" class=\"border-image wp-image-216\" src=\"http:\/\/www.gisam.ch\/timonpumba\/wp-content\/uploads\/2015\/08\/Japan-1.jpg\" alt=\"Japon\" width=\"150\" height=\"100\" \/><\/a><figcaption id=\"caption-attachment-179\" class=\"wp-caption-text\">Japon, 17 mars 2016 &#8211; 27 avril 2016<\/figcaption><\/figure><\/td>\n<td>\n<p><figure id=\"attachment_179\" aria-describedby=\"caption-attachment-179\" style=\"width: 150px\" class=\"wp-caption aligncenter\"><a href=\"http:\/\/www.gisam.ch\/timonpumba\/?cat=17\" rel=\"attachment wp-att-179\"><img data-attachment-id=\"179\" data-permalink=\"https:\/\/www.gisam.ch\/timonpumba\/?attachment_id=179\" data-orig-file=\"https:\/\/www.gisam.ch\/timonpumba\/wp-content\/uploads\/2015\/09\/indonesia.jpg\" data-orig-size=\"300,200\" data-comments-opened=\"1\" data-image-meta=\"{&quot;aperture&quot;:&quot;0&quot;,&quot;credit&quot;:&quot;&quot;,&quot;camera&quot;:&quot;&quot;,&quot;caption&quot;:&quot;&quot;,&quot;created_timestamp&quot;:&quot;0&quot;,&quot;copyright&quot;:&quot;&quot;,&quot;focal_length&quot;:&quot;0&quot;,&quot;iso&quot;:&quot;0&quot;,&quot;shutter_speed&quot;:&quot;0&quot;,&quot;title&quot;:&quot;&quot;,&quot;orientation&quot;:&quot;0&quot;}\" data-image-title=\"indonesia\" data-image-description=\"\" data-image-caption=\"&lt;p&gt;Indon\u00e9sie&lt;\/p&gt;\n\" data-medium-file=\"https:\/\/www.gisam.ch\/timonpumba\/wp-content\/uploads\/2015\/09\/indonesia-300x200.jpg\" data-large-file=\"https:\/\/www.gisam.ch\/timonpumba\/wp-content\/uploads\/2015\/09\/indonesia.jpg\" loading=\"lazy\" class=\"border-image wp-image-179\" src=\"http:\/\/www.gisam.ch\/timonpumba\/wp-content\/uploads\/2015\/09\/indonesia.jpg\" alt=\"Indon\u00e9sie\" width=\"150\" height=\"100\" \/><\/a><figcaption id=\"caption-attachment-179\" class=\"wp-caption-text\">Indon\u00e9sie, 27 avril 2016 &#8211; 20 mai 2016<\/figcaption><\/figure><\/td>\n<td>\n<p><figure id=\"attachment_1660\" aria-describedby=\"caption-attachment-1660\" style=\"width: 150px\" class=\"wp-caption aligncenter\"><a href=\"http:\/\/www.gisam.ch\/timonpumba\/?cat=18\"><img data-attachment-id=\"1660\" data-permalink=\"https:\/\/www.gisam.ch\/timonpumba\/?attachment_id=1660\" data-orig-file=\"https:\/\/www.gisam.ch\/timonpumba\/wp-content\/uploads\/2015\/08\/New-Zealand-Flag.jpg\" data-orig-size=\"150,100\" data-comments-opened=\"1\" data-image-meta=\"{&quot;aperture&quot;:&quot;0&quot;,&quot;credit&quot;:&quot;&quot;,&quot;camera&quot;:&quot;&quot;,&quot;caption&quot;:&quot;&quot;,&quot;created_timestamp&quot;:&quot;0&quot;,&quot;copyright&quot;:&quot;&quot;,&quot;focal_length&quot;:&quot;0&quot;,&quot;iso&quot;:&quot;0&quot;,&quot;shutter_speed&quot;:&quot;0&quot;,&quot;title&quot;:&quot;&quot;,&quot;orientation&quot;:&quot;1&quot;}\" data-image-title=\"New Zealand Flag\" data-image-description=\"\" data-image-caption=\"\" data-medium-file=\"https:\/\/www.gisam.ch\/timonpumba\/wp-content\/uploads\/2015\/08\/New-Zealand-Flag.jpg\" data-large-file=\"https:\/\/www.gisam.ch\/timonpumba\/wp-content\/uploads\/2015\/08\/New-Zealand-Flag.jpg\" loading=\"lazy\" class=\"border-image wp-image-1660 size-full\" src=\"http:\/\/www.gisam.ch\/timonpumba\/wp-content\/uploads\/2015\/08\/New-Zealand-Flag.jpg\" alt=\"Nouvelle-Z\u00e9lande\" width=\"150\" height=\"100\" \/><\/a><figcaption id=\"caption-attachment-1660\" class=\"wp-caption-text\">New-Zealand, 20 mai 2016 &#8211; 20 juin 2016<\/figcaption><\/figure><\/td>\n<\/tr>\n<tr>\n<td>\n<p><figure id=\"attachment_1659\" aria-describedby=\"caption-attachment-1659\" style=\"width: 150px\" class=\"wp-caption aligncenter\"><a href=\"http:\/\/www.gisam.ch\/timonpumba\/?cat=19\"><img data-attachment-id=\"1659\" data-permalink=\"https:\/\/www.gisam.ch\/timonpumba\/?attachment_id=1659\" data-orig-file=\"https:\/\/www.gisam.ch\/timonpumba\/wp-content\/uploads\/2015\/08\/Australie-Flag.jpg\" data-orig-size=\"150,100\" data-comments-opened=\"1\" data-image-meta=\"{&quot;aperture&quot;:&quot;0&quot;,&quot;credit&quot;:&quot;&quot;,&quot;camera&quot;:&quot;&quot;,&quot;caption&quot;:&quot;&quot;,&quot;created_timestamp&quot;:&quot;0&quot;,&quot;copyright&quot;:&quot;&quot;,&quot;focal_length&quot;:&quot;0&quot;,&quot;iso&quot;:&quot;0&quot;,&quot;shutter_speed&quot;:&quot;0&quot;,&quot;title&quot;:&quot;&quot;,&quot;orientation&quot;:&quot;1&quot;}\" data-image-title=\"Australie Flag\" data-image-description=\"\" data-image-caption=\"\" data-medium-file=\"https:\/\/www.gisam.ch\/timonpumba\/wp-content\/uploads\/2015\/08\/Australie-Flag.jpg\" data-large-file=\"https:\/\/www.gisam.ch\/timonpumba\/wp-content\/uploads\/2015\/08\/Australie-Flag.jpg\" loading=\"lazy\" class=\"border-image wp-image-1659 size-full\" src=\"http:\/\/www.gisam.ch\/timonpumba\/wp-content\/uploads\/2015\/08\/Australie-Flag.jpg\" alt=\"Australie\" width=\"150\" height=\"100\" \/><\/a><figcaption id=\"caption-attachment-1659\" class=\"wp-caption-text\">Australie, 20 juin 2016 &#8211; 3 ao\u00fbt 2016<\/figcaption><\/figure><\/td>\n<td>\n<p><figure id=\"attachment_1658\" aria-describedby=\"caption-attachment-1658\" style=\"width: 150px\" class=\"wp-caption aligncenter\"><a href=\"http:\/\/www.gisam.ch\/timonpumba\/?cat=20\"><img data-attachment-id=\"1658\" data-permalink=\"https:\/\/www.gisam.ch\/timonpumba\/?attachment_id=1658\" data-orig-file=\"https:\/\/www.gisam.ch\/timonpumba\/wp-content\/uploads\/2015\/08\/Singapour-Flag.jpg\" data-orig-size=\"150,100\" data-comments-opened=\"1\" data-image-meta=\"{&quot;aperture&quot;:&quot;0&quot;,&quot;credit&quot;:&quot;&quot;,&quot;camera&quot;:&quot;&quot;,&quot;caption&quot;:&quot;&quot;,&quot;created_timestamp&quot;:&quot;0&quot;,&quot;copyright&quot;:&quot;&quot;,&quot;focal_length&quot;:&quot;0&quot;,&quot;iso&quot;:&quot;0&quot;,&quot;shutter_speed&quot;:&quot;0&quot;,&quot;title&quot;:&quot;&quot;,&quot;orientation&quot;:&quot;1&quot;}\" data-image-title=\"Singapour Flag\" data-image-description=\"\" data-image-caption=\"\" data-medium-file=\"https:\/\/www.gisam.ch\/timonpumba\/wp-content\/uploads\/2015\/08\/Singapour-Flag.jpg\" data-large-file=\"https:\/\/www.gisam.ch\/timonpumba\/wp-content\/uploads\/2015\/08\/Singapour-Flag.jpg\" loading=\"lazy\" class=\"border-image wp-image-1658 size-full\" src=\"http:\/\/www.gisam.ch\/timonpumba\/wp-content\/uploads\/2015\/08\/Singapour-Flag.jpg\" alt=\"Singapour\" width=\"150\" height=\"100\" \/><\/a><figcaption id=\"caption-attachment-1658\" class=\"wp-caption-text\">Singapour, 3 ao\u00fbt 2016 &#8211; 8 ao\u00fbt 2016<\/figcaption><\/figure><\/td>\n<td>\n<p><figure id=\"attachment_1657\" aria-describedby=\"caption-attachment-1657\" style=\"width: 150px\" class=\"wp-caption aligncenter\"><a href=\"http:\/\/www.gisam.ch\/timonpumba\/?cat=21\"><img data-attachment-id=\"1657\" data-permalink=\"https:\/\/www.gisam.ch\/timonpumba\/?attachment_id=1657\" data-orig-file=\"https:\/\/www.gisam.ch\/timonpumba\/wp-content\/uploads\/2015\/08\/Malaisie-Flag.jpg\" data-orig-size=\"150,100\" data-comments-opened=\"1\" data-image-meta=\"{&quot;aperture&quot;:&quot;0&quot;,&quot;credit&quot;:&quot;&quot;,&quot;camera&quot;:&quot;&quot;,&quot;caption&quot;:&quot;&quot;,&quot;created_timestamp&quot;:&quot;0&quot;,&quot;copyright&quot;:&quot;&quot;,&quot;focal_length&quot;:&quot;0&quot;,&quot;iso&quot;:&quot;0&quot;,&quot;shutter_speed&quot;:&quot;0&quot;,&quot;title&quot;:&quot;&quot;,&quot;orientation&quot;:&quot;1&quot;}\" data-image-title=\"Malaisie Flag\" data-image-description=\"\" data-image-caption=\"\" data-medium-file=\"https:\/\/www.gisam.ch\/timonpumba\/wp-content\/uploads\/2015\/08\/Malaisie-Flag.jpg\" data-large-file=\"https:\/\/www.gisam.ch\/timonpumba\/wp-content\/uploads\/2015\/08\/Malaisie-Flag.jpg\" loading=\"lazy\" class=\"border-image wp-image-1657 size-full\" src=\"http:\/\/www.gisam.ch\/timonpumba\/wp-content\/uploads\/2015\/08\/Malaisie-Flag.jpg\" alt=\"Malaisie\" width=\"150\" height=\"100\" \/><\/a><figcaption id=\"caption-attachment-1657\" class=\"wp-caption-text\">Malaisie, 8 ao\u00fbt 2016 &#8211; 22 ao\u00fbt 2016<\/figcaption><\/figure><\/td>\n<\/tr>\n<tr>\n<td>\n<div class=\"mceTemp\"><\/div>\n<p><figure id=\"attachment_185\" aria-describedby=\"caption-attachment-185\" style=\"width: 150px\" class=\"wp-caption aligncenter\"><a href=\"http:\/\/www.gisam.ch\/timonpumba\/?cat=22\" rel=\"attachment wp-att-185\"><img data-attachment-id=\"185\" data-permalink=\"https:\/\/www.gisam.ch\/timonpumba\/?attachment_id=185\" data-orig-file=\"https:\/\/www.gisam.ch\/timonpumba\/wp-content\/uploads\/2015\/09\/Sri-Lanka.jpg\" data-orig-size=\"300,200\" data-comments-opened=\"1\" data-image-meta=\"{&quot;aperture&quot;:&quot;0&quot;,&quot;credit&quot;:&quot;&quot;,&quot;camera&quot;:&quot;&quot;,&quot;caption&quot;:&quot;&quot;,&quot;created_timestamp&quot;:&quot;0&quot;,&quot;copyright&quot;:&quot;&quot;,&quot;focal_length&quot;:&quot;0&quot;,&quot;iso&quot;:&quot;0&quot;,&quot;shutter_speed&quot;:&quot;0&quot;,&quot;title&quot;:&quot;&quot;,&quot;orientation&quot;:&quot;0&quot;}\" data-image-title=\"Sri Lanka\" data-image-description=\"\" data-image-caption=\"&lt;p&gt;Sri Lanka&lt;\/p&gt;\n\" data-medium-file=\"https:\/\/www.gisam.ch\/timonpumba\/wp-content\/uploads\/2015\/09\/Sri-Lanka-300x200.jpg\" data-large-file=\"https:\/\/www.gisam.ch\/timonpumba\/wp-content\/uploads\/2015\/09\/Sri-Lanka.jpg\" loading=\"lazy\" class=\"border-image wp-image-185\" src=\"http:\/\/www.gisam.ch\/timonpumba\/wp-content\/uploads\/2015\/09\/Sri-Lanka.jpg\" alt=\"Sri Lanka\" width=\"150\" height=\"100\" \/><\/a><figcaption id=\"caption-attachment-185\" class=\"wp-caption-text\">Sri Lanka, 22 ao\u00fbt 2016 &#8211; septembre 2016<\/figcaption><\/figure><\/td>\n<td>\n<p><figure id=\"attachment_1661\" aria-describedby=\"caption-attachment-1661\" style=\"width: 150px\" class=\"wp-caption aligncenter\"><a href=\"http:\/\/www.gisam.ch\/timonpumba\/?cat=16\"><img data-attachment-id=\"1661\" data-permalink=\"https:\/\/www.gisam.ch\/timonpumba\/?attachment_id=1661\" data-orig-file=\"https:\/\/www.gisam.ch\/timonpumba\/wp-content\/uploads\/2015\/08\/Suisse-Flag.jpg\" data-orig-size=\"150,100\" data-comments-opened=\"1\" data-image-meta=\"{&quot;aperture&quot;:&quot;0&quot;,&quot;credit&quot;:&quot;&quot;,&quot;camera&quot;:&quot;&quot;,&quot;caption&quot;:&quot;&quot;,&quot;created_timestamp&quot;:&quot;0&quot;,&quot;copyright&quot;:&quot;&quot;,&quot;focal_length&quot;:&quot;0&quot;,&quot;iso&quot;:&quot;0&quot;,&quot;shutter_speed&quot;:&quot;0&quot;,&quot;title&quot;:&quot;&quot;,&quot;orientation&quot;:&quot;1&quot;}\" data-image-title=\"Suisse Flag\" data-image-description=\"\" data-image-caption=\"\" data-medium-file=\"https:\/\/www.gisam.ch\/timonpumba\/wp-content\/uploads\/2015\/08\/Suisse-Flag.jpg\" data-large-file=\"https:\/\/www.gisam.ch\/timonpumba\/wp-content\/uploads\/2015\/08\/Suisse-Flag.jpg\" loading=\"lazy\" class=\"border-image wp-image-1661 size-full\" src=\"http:\/\/www.gisam.ch\/timonpumba\/wp-content\/uploads\/2015\/08\/Suisse-Flag.jpg\" alt=\"Suisse\" width=\"150\" height=\"100\" \/><\/a><figcaption id=\"caption-attachment-1661\" class=\"wp-caption-text\">Suisse, septembre 2016 &#8211; octobre 2016<\/figcaption><\/figure><\/td>\n<td>\n<p><figure id=\"attachment_1662\" aria-describedby=\"caption-attachment-1662\" style=\"width: 150px\" class=\"wp-caption aligncenter\"><a href=\"http:\/\/www.gisam.ch\/timonpumba\/?cat=23\"><img data-attachment-id=\"1662\" data-permalink=\"https:\/\/www.gisam.ch\/timonpumba\/?attachment_id=1662\" data-orig-file=\"https:\/\/www.gisam.ch\/timonpumba\/wp-content\/uploads\/2015\/08\/USA-Flag.jpg\" data-orig-size=\"150,100\" data-comments-opened=\"1\" data-image-meta=\"{&quot;aperture&quot;:&quot;0&quot;,&quot;credit&quot;:&quot;&quot;,&quot;camera&quot;:&quot;&quot;,&quot;caption&quot;:&quot;&quot;,&quot;created_timestamp&quot;:&quot;0&quot;,&quot;copyright&quot;:&quot;&quot;,&quot;focal_length&quot;:&quot;0&quot;,&quot;iso&quot;:&quot;0&quot;,&quot;shutter_speed&quot;:&quot;0&quot;,&quot;title&quot;:&quot;&quot;,&quot;orientation&quot;:&quot;1&quot;}\" data-image-title=\"USA Flag\" data-image-description=\"\" data-image-caption=\"\" data-medium-file=\"https:\/\/www.gisam.ch\/timonpumba\/wp-content\/uploads\/2015\/08\/USA-Flag.jpg\" data-large-file=\"https:\/\/www.gisam.ch\/timonpumba\/wp-content\/uploads\/2015\/08\/USA-Flag.jpg\" loading=\"lazy\" class=\"border-image wp-image-1662 size-full\" src=\"http:\/\/www.gisam.ch\/timonpumba\/wp-content\/uploads\/2015\/08\/USA-Flag.jpg\" alt=\"Etats-Unis\" width=\"150\" height=\"100\" \/><\/a><figcaption id=\"caption-attachment-1662\" class=\"wp-caption-text\">Etats-Unis, octobre 2016 \u00e0 janvier 2017<\/figcaption><\/figure><\/td>\n<\/tr>\n<\/tbody>\n<\/table>\n<p>&nbsp;<\/p>\n","protected":false},"excerpt":{"rendered":"<p>&nbsp; Sur la route\u00a0depuis d\u00e9cembre 2015, voici la liste des pays que nous avons d\u00e9j\u00e0 visit\u00e9s et ceux qui nous attendent encore&#8230;\u00a0Moteur ! &nbsp;<\/p>\n","protected":false},"author":1,"featured_media":0,"parent":0,"menu_order":0,"comment_status":"open","ping_status":"closed","template":"","meta":{"jetpack_post_was_ever_published":false},"_links":{"self":[{"href":"https:\/\/www.gisam.ch\/timonpumba\/index.php?rest_route=\/wp\/v2\/pages\/115"}],"collection":[{"href":"https:\/\/www.gisam.ch\/timonpumba\/index.php?rest_route=\/wp\/v2\/pages"}],"about":[{"href":"https:\/\/www.gisam.ch\/timonpumba\/index.php?rest_route=\/wp\/v2\/types\/page"}],"author":[{"embeddable":true,"href":"https:\/\/www.gisam.ch\/timonpumba\/index.php?rest_route=\/wp\/v2\/users\/1"}],"replies":[{"embeddable":true,"href":"https:\/\/www.gisam.ch\/timonpumba\/index.php?rest_route=%2Fwp%2Fv2%2Fcomments&post=115"}],"version-history":[{"count":44,"href":"https:\/\/www.gisam.ch\/timonpumba\/index.php?rest_route=\/wp\/v2\/pages\/115\/revisions"}],"predecessor-version":[{"id":3813,"href":"https:\/\/www.gisam.ch\/timonpumba\/index.php?rest_route=\/wp\/v2\/pages\/115\/revisions\/3813"}],"wp:attachment":[{"href":"https:\/\/www.gisam.ch\/timonpumba\/index.php?rest_route=%2Fwp%2Fv2%2Fmedia&parent=115"}],"curies":[{"name":"wp","href":"https:\/\/api.w.org\/{rel}","templated":true}]}}